{"id":28305,"date":"2024-01-22T09:35:09","date_gmt":"2024-01-22T09:35:09","guid":{"rendered":"https:\/\/prome.ee\/?post_type=product&#038;p=28305"},"modified":"2024-01-22T09:36:43","modified_gmt":"2024-01-22T09:36:43","slug":"pinnoitettu-seinapaneeli-tammivaneripaneeli-60x275-helsinki-suomi-kopeeri","status":"publish","type":"product","link":"https:\/\/prome.ee\/fi\/toode\/pinnoitettu-seinapaneeli-tammivaneripaneeli-60x275-helsinki-suomi-kopeeri\/","title":{"rendered":"Valettu tammivanerisein\u00e4paneeli 60&#215;275 &#8211; Isla"},"content":{"rendered":"<div class=\"flex-1 overflow-hidden\">\n<div class=\"react-scroll-to-bottom--css-asvmj-79elbk h-full dark:bg-gray-800\">\n<div class=\"react-scroll-to-bottom--css-asvmj-1n7m0yu\">\n<div class=\"flex flex-col items-center text-sm dark:bg-gray-800\">\n<div class=\"group w-full text-gray-800 dark:text-gray-100 border-b border-black\/10 dark:border-gray-900\/50 bg-gray-50 dark:bg-[#444654]\">\n<div class=\"flex p-4 gap-4 text-base md:gap-6 md:max-w-2xl lg:max-w-xl xl:max-w-3xl md:py-6 lg:px-0 m-auto\">\n<div class=\"relative flex w-[calc(100%-50px)] flex-col gap-1 md:gap-3 lg:w-[calc(100%-115px)]\">\n<div class=\"flex flex-grow flex-col gap-3\">\n<div class=\"min-h-[20px] flex flex-col items-start gap-4 whitespace-pre-wrap break-words\">\n<div class=\"markdown prose w-full break-words dark:prose-invert light\">\n<h4>Valettu tammivanerisein\u00e4paneeli 60&#215;275 &#8211; Isla<\/h4>\n<p>Jyrsitty\u00e4 tammivaneria MDF-mustan paneelin p\u00e4\u00e4ll\u00e4, peitetty luonnollisella tammivanerikerroksella. Ainutlaatuinen, moderni muotoilu.<\/p>\n<h4>Ainutlaatuinen<\/h4>\n<p>Luonnonvanerin ominaispiirteit\u00e4 ovat minimaalinen muoto ja maksimaalinen rakenne. Ainutlaatuinen puun jyvitys antaa paneeleille omaper\u00e4isen estetiikan.<\/p>\n<h4>Tammen vahvuus<\/h4>\n<p>Tammi on eritt\u00e4in vahva ja kest\u00e4v\u00e4 lehtipuu, jolla on selv\u00e4piirteinen kuviointi. Jokainen paneeli on ainutlaatuinen, ja sen erilainen raerakenne ja luonnolliset, hienovaraiset v\u00e4rivaihtelut lis\u00e4\u00e4v\u00e4t aidon puun vieh\u00e4tyst\u00e4.<\/p>\n<h3><strong>Pinnoitettu sein\u00e4paneeli tammivaneripaneeli 60&#215;275 &#8211; Isla TEKNISET TIEDOT:<\/strong><\/h3>\n<ul>\n<li>Paneelin kokonaismitat: 600x11x2750 mm (L x S x K).<\/li>\n<li>MDF-materiaali maalattu mustaksi<\/li>\n<li>p\u00e4\u00e4llystetty toiselta puolelta luonnollisella tammivanerilla<\/li>\n<li>Suojattu \u00f6ljyll\u00e4<\/li>\n<li>Puurakenne<\/li>\n<li>Yhden paneelin paino: 14 kg<\/li>\n<\/ul>\n<p><strong>ENNAKOITETTU:<\/strong><\/p>\n<ul>\n<li>Helppo asennus (porausta ei tarvita)<\/li>\n<li>Alkuper\u00e4inen sein\u00e4koriste<\/li>\n<li>Valmis tuote &#8211; k\u00e4sittely\u00e4 ei tarvita<\/li>\n<li>Moderni muotoilu<\/li>\n<li>Sis\u00e4isen akustiikan parantaminen<\/li>\n<li>Luonnollinen tammivaneri, jossa on miellytt\u00e4v\u00e4 rakenne<\/li>\n<li>Ihanteellinen makuuhuoneisiin, olohuoneisiin, hotellien sis\u00e4tiloihin, kokoushuoneisiin, tyylikk\u00e4isiin toimistoihin jne.<\/li>\n<li>Mahdollisuus yhdist\u00e4\u00e4 erilaisia kuvioita<\/li>\n<\/ul>\n<\/div>\n<\/div>\n<\/div>\n<div class=\"flex justify-between lg:block\">\n<p>Jos haluat lis\u00e4tietoja tai neuvoja, <a href=\"https:\/\/prome.ee\/kontakt\/\">ota meihin yhteytt\u00e4<\/a>, niin autamme sinua l\u00f6yt\u00e4m\u00e4\u00e4n oikean ratkaisun.<\/p>\n<p>Katso my\u00f6s muut <a href=\"https:\/\/prome.ee\/tootekategooria\/freesitudpaneelid\/\">jyrsityt sein\u00e4paneelit<\/a> verkkokaupastamme.<br \/>\nPyyd\u00e4 tunnetulta <a href=\"https:\/\/www.nocc.ee\/\" target=\"_blank\" rel=\"noopener\">yritykselt\u00e4<\/a> tarjous asennuksesta.<\/p>\n<\/div>\n<\/div>\n<\/div>\n<\/div>\n<\/div>\n<\/div>\n<\/div>\n<\/div>\n","protected":false},"excerpt":{"rendered":"<p>Valettu tammivanerisein\u00e4paneeli 60&#215;275 &#8211; Isla Jyrsitty\u00e4 tammivaneria MDF-mustan paneelin p\u00e4\u00e4ll\u00e4, peitetty luonnollisella tammivanerikerroksella. Ainutlaatuinen, moderni muotoilu. Ainutlaatuinen Luonnonvanerin ominaispiirteit\u00e4 ovat minimaalinen muoto ja maksimaalinen rakenne. Ainutlaatuinen puun jyvitys antaa paneeleille omaper\u00e4isen estetiikan. Tammen vahvuus Tammi on eritt\u00e4in vahva ja kest\u00e4v\u00e4 lehtipuu, jolla on selv\u00e4piirteinen kuviointi. Jokainen paneeli on ainutlaatuinen, ja sen erilainen raerakenne ja luonnolliset, [&hellip;]<\/p>\n","protected":false},"featured_media":28309,"comment_status":"open","ping_status":"closed","template":"","meta":{"_acf_changed":false,"_monsterinsights_skip_tracking":false,"_monsterinsights_sitenote_active":false,"_monsterinsights_sitenote_note":"","_monsterinsights_sitenote_category":0},"product_brand":[],"product_cat":[955],"product_tag":[],"class_list":{"0":"post-28305","1":"product","2":"type-product","3":"status-publish","4":"has-post-thumbnail","6":"product_cat-freskopaneelit","8":"first","9":"instock","10":"taxable","11":"shipping-taxable","12":"purchasable","13":"product-type-simple"},"acf":[],"_links":{"self":[{"href":"https:\/\/prome.ee\/fi\/wp-json\/wp\/v2\/product\/28305","targetHints":{"allow":["GET"]}}],"collection":[{"href":"https:\/\/prome.ee\/fi\/wp-json\/wp\/v2\/product"}],"about":[{"href":"https:\/\/prome.ee\/fi\/wp-json\/wp\/v2\/types\/product"}],"replies":[{"embeddable":true,"href":"https:\/\/prome.ee\/fi\/wp-json\/wp\/v2\/comments?post=28305"}],"version-history":[{"count":1,"href":"https:\/\/prome.ee\/fi\/wp-json\/wp\/v2\/product\/28305\/revisions"}],"predecessor-version":[{"id":28313,"href":"https:\/\/prome.ee\/fi\/wp-json\/wp\/v2\/product\/28305\/revisions\/28313"}],"wp:featuredmedia":[{"embeddable":true,"href":"https:\/\/prome.ee\/fi\/wp-json\/wp\/v2\/media\/28309"}],"wp:attachment":[{"href":"https:\/\/prome.ee\/fi\/wp-json\/wp\/v2\/media?parent=28305"}],"wp:term":[{"taxonomy":"product_brand","embeddable":true,"href":"https:\/\/prome.ee\/fi\/wp-json\/wp\/v2\/product_brand?post=28305"},{"taxonomy":"product_cat","embeddable":true,"href":"https:\/\/prome.ee\/fi\/wp-json\/wp\/v2\/product_cat?post=28305"},{"taxonomy":"product_tag","embeddable":true,"href":"https:\/\/prome.ee\/fi\/wp-json\/wp\/v2\/product_tag?post=28305"}],"curies":[{"name":"wp","href":"https:\/\/api.w.org\/{rel}","templated":true}]}}