{"id":17020,"date":"2023-10-08T07:10:18","date_gmt":"2023-10-08T07:10:18","guid":{"rendered":"https:\/\/prome.ee\/?post_type=product&#038;p=17020"},"modified":"2024-01-22T09:53:36","modified_gmt":"2024-01-22T09:53:36","slug":"marmori-karara-silea-voi-mattakeraaminen-laatta","status":"publish","type":"product","link":"https:\/\/prome.ee\/fi\/toode\/marmori-karara-silea-voi-mattakeraaminen-laatta\/","title":{"rendered":"Marmori Carara kiilt\u00e4v\u00e4 tai matta keraaminen laatta"},"content":{"rendered":"<h4>Marmori Carara kiilt\u00e4v\u00e4 tai matta keraaminen laatta<\/h4>\n<p>Carraran marmoria ja valkoista vaaleanharmaata v\u00e4ri\u00e4. Olemme ylpeit\u00e4 voidessamme esitell\u00e4 sinulle eksklusiivisen Carrara Premium -suunnittelumme, joka on luotu nostamaan kylpyhuoneen kauneus aivan uudelle tasolle.<\/p>\n<p>Carraran marmori on tunnettu ainutlaatuisesta ja tyylikk\u00e4\u00e4st\u00e4 ulkon\u00e4\u00f6st\u00e4\u00e4n. Jokaisen laatan jokainen yksityiskohta on hiottu ja kiillotettu t\u00e4ydellisesti, jotta sen ainutlaatuinen luonnollinen kuvio ja kiilto tulevat esiin. Valkoisen vaaleanharmaa s\u00e4vy t\u00e4ydent\u00e4\u00e4 Carraran marmorin luonnollista kauneutta luoden harmonisen yhdistelm\u00e4n, joka tuo mieleen rauhan ja tasapainon.<\/p>\n<p>Carrara Premium design ei ole pelkk\u00e4 <a href=\"https:\/\/prome.ee\/product\/marble-carara-laikiv-voi-matt-keraamiline-plaat\/\">kylpyhuonelaatta<\/a>, vaan taideteos, joka tekee kylpyhuoneestasi todellisen kylpyl\u00e4n. Jokainen laatta valitaan huolella ja asennetaan k\u00e4sin, jotta varmistetaan t\u00e4ydellisyys kaikissa yksityiskohdissa. Tavoitteenamme on tarjota sinulle toimivan ratkaisun lis\u00e4ksi my\u00f6s visuaalista nautintoa jokaisessa vaiheessa.<\/p>\n<p>Jokaisesta aamusta ja illasta tulee sinulle erityinen hetki, kun astut kylpyhuoneeseesi, jossa on Carrara Premium -suunnittelu. Se on t\u00e4ydellinen tapa tuoda luonnollista eleganssia ja ylellisyytt\u00e4 kotisi jokaiseen nurkkaan.<\/p>\n<p>Liity meihin Carrara Premium -suunnittelun yksinoikeusyhteis\u00f6\u00f6n ja koe todellista ylellisyytt\u00e4 ja tyyli\u00e4 kylpyhuoneessasi. Anna kylpyhuoneesi puhua rakkaudestasi makuun ja laatuun. Valitse ainutlaatuinen, valitse Carrara Premium<\/p>\n<h3>Marmori Carara kiilt\u00e4v\u00e4 tai matta keraaminen laatta<\/h3>\n<ul>\n<li>On my\u00f6s mahdollista saada 600&#215;600 kylpyhuoneen laatat, joiden paksuus on 8,5 mm.<\/li>\n<li>On my\u00f6s mahdollista saada 600&#215;1200 kylpyhuoneen laatat, joiden paksuus on 9 mm.<\/li>\n<\/ul>\n<p><strong>L\u00e4het\u00e4 kysely saadaksesi lis\u00e4tietoja m\u00e4\u00e4rist\u00e4 ja hinnoista. Hinnat alkavat 24.90\u20ac per m2<\/strong><\/p>\n<p>Katso my\u00f6s muita <a href=\"https:\/\/prome.ee\/tootekategooria\/keraamilised-plaadid\/\">keraamisia laattoja<\/a> verkkokaupastamme.<br \/>\nPyyd\u00e4 tunnetulta <a href=\"https:\/\/www.nocc.ee\/\" target=\"_blank\" rel=\"noopener\">yritykselt\u00e4<\/a> tarjous asennuksesta.<\/p>\n","protected":false},"excerpt":{"rendered":"<p>Marmori Carara kiilt\u00e4v\u00e4 tai matta keraaminen laatta Carraran marmoria ja valkoista vaaleanharmaata v\u00e4ri\u00e4. Olemme ylpeit\u00e4 voidessamme esitell\u00e4 sinulle eksklusiivisen Carrara Premium -suunnittelumme, joka on luotu nostamaan kylpyhuoneen kauneus aivan uudelle tasolle. Carraran marmori on tunnettu ainutlaatuisesta ja tyylikk\u00e4\u00e4st\u00e4 ulkon\u00e4\u00f6st\u00e4\u00e4n. Jokaisen laatan jokainen yksityiskohta on hiottu ja kiillotettu t\u00e4ydellisesti, jotta sen ainutlaatuinen luonnollinen kuvio ja kiilto [&hellip;]<\/p>\n","protected":false},"featured_media":17028,"comment_status":"open","ping_status":"closed","template":"","meta":{"_acf_changed":false,"_monsterinsights_skip_tracking":false,"_monsterinsights_sitenote_active":false,"_monsterinsights_sitenote_note":"","_monsterinsights_sitenote_category":0},"product_brand":[],"product_cat":[1056,1051],"product_tag":[1068,1067,978,1070,981,1071,1069],"class_list":{"0":"post-17020","1":"product","2":"type-product","3":"status-publish","4":"has-post-thumbnail","6":"product_cat-laatat-fi","7":"product_cat-keraamiset-laatat","8":"product_tag-keraamiset-laatat","9":"product_tag-kylpyhuoneen-laatat","10":"product_tag-laatat","11":"product_tag-premium-fi","12":"product_tag-prome-fi","13":"product_tag-yksinoikeudella","14":"product_tag-ylellinen","16":"first","17":"instock","18":"taxable","19":"shipping-taxable","20":"purchasable","21":"product-type-variable"},"acf":[],"_links":{"self":[{"href":"https:\/\/prome.ee\/fi\/wp-json\/wp\/v2\/product\/17020","targetHints":{"allow":["GET"]}}],"collection":[{"href":"https:\/\/prome.ee\/fi\/wp-json\/wp\/v2\/product"}],"about":[{"href":"https:\/\/prome.ee\/fi\/wp-json\/wp\/v2\/types\/product"}],"replies":[{"embeddable":true,"href":"https:\/\/prome.ee\/fi\/wp-json\/wp\/v2\/comments?post=17020"}],"version-history":[{"count":5,"href":"https:\/\/prome.ee\/fi\/wp-json\/wp\/v2\/product\/17020\/revisions"}],"predecessor-version":[{"id":28386,"href":"https:\/\/prome.ee\/fi\/wp-json\/wp\/v2\/product\/17020\/revisions\/28386"}],"wp:featuredmedia":[{"embeddable":true,"href":"https:\/\/prome.ee\/fi\/wp-json\/wp\/v2\/media\/17028"}],"wp:attachment":[{"href":"https:\/\/prome.ee\/fi\/wp-json\/wp\/v2\/media?parent=17020"}],"wp:term":[{"taxonomy":"product_brand","embeddable":true,"href":"https:\/\/prome.ee\/fi\/wp-json\/wp\/v2\/product_brand?post=17020"},{"taxonomy":"product_cat","embeddable":true,"href":"https:\/\/prome.ee\/fi\/wp-json\/wp\/v2\/product_cat?post=17020"},{"taxonomy":"product_tag","embeddable":true,"href":"https:\/\/prome.ee\/fi\/wp-json\/wp\/v2\/product_tag?post=17020"}],"curies":[{"name":"wp","href":"https:\/\/api.w.org\/{rel}","templated":true}]}}