{"id":14787,"date":"2023-07-26T12:29:24","date_gmt":"2023-07-26T12:29:24","guid":{"rendered":"https:\/\/prome.ee\/product\/orion-k4004\/"},"modified":"2024-01-22T14:02:52","modified_gmt":"2024-01-22T14:02:52","slug":"orion-k4004","status":"publish","type":"product","link":"https:\/\/prome.ee\/fi\/toode\/orion-k4004\/","title":{"rendered":"ORION K4004 laattamatto"},"content":{"rendered":"<h4>ORION K4004 laattamatto<\/h4>\n<p><a href=\"https:\/\/prome.ee\/tootekategooria\/vaibad\/\">Laattamattojen<\/a> valinta on t\u00e4rke\u00e4 askel sisustuksessa, sill\u00e4 se tarjoaa monia etuja sek\u00e4 visuaalisesti ett\u00e4 k\u00e4yt\u00e4nn\u00f6llisesti. Laattamatot ovat kasvattaneet suosiotaan monipuolisuutensa, kest\u00e4vyytens\u00e4 ja helppohoitoisuutensa ansiosta. Ne ovat erinomainen valinta sek\u00e4 asuin- ett\u00e4 liiketiloihin, ja ne antavat monipuolisen ja nykyaikaisen ilmeen.<\/p>\n<p>Yksi litte\u00e4n vaipan t\u00e4rkeimmist\u00e4 eduista on sen muotoilun monipuolisuus. <a href=\"https:\/\/prome.ee\/tootekategooria\/vaibad\/\">Laattamattoja<\/a> on saatavana monenlaisissa v\u00e4reiss\u00e4, kuvioissa ja kuvioinneissa, ja niiden avulla voit r\u00e4\u00e4t\u00e4l\u00f6id\u00e4 tilasi oman makusi ja tyylisi mukaan. Halusitpa sitten luoda kodikkaan kodin tunnelman tai modernin toimistotilan, laatoitetut matot ovat loistava valinta, jonka avulla voit ilmaista yksil\u00f6llisyytt\u00e4si.<\/p>\n<p>Esteettisyyden lis\u00e4ksi laatoitetut matot tarjoavat my\u00f6s monia k\u00e4yt\u00e4nn\u00f6n etuja. Ne ovat kest\u00e4vi\u00e4 ja kulutusta kest\u00e4vi\u00e4 ja s\u00e4ilytt\u00e4v\u00e4t ulkon\u00e4k\u00f6ns\u00e4 vuosia. Laattamattojen asentaminen on nopea ja helppo prosessi, jonka ansiosta p\u00e4\u00e4set nopeasti nauttimaan uuden sisustuksen kauneudesta. Ne on my\u00f6s helppo vaihtaa tai korjata, sill\u00e4 voit vaihtaa vain vaurioituneen laatan, et koko mattoa.<\/p>\n<p><a href=\"https:\/\/prome.ee\/tootekategooria\/vaibad\/\">Laattamattojen<\/a> hoito on my\u00f6s helppoa ja aikaa s\u00e4\u00e4st\u00e4v\u00e4\u00e4. S\u00e4\u00e4nn\u00f6llinen imurointi ja tahrojen v\u00e4lit\u00f6n poistaminen takaavat pidemm\u00e4n k\u00e4ytt\u00f6i\u00e4n ja auttavat s\u00e4ilytt\u00e4m\u00e4\u00e4n alkuper\u00e4isen ulkon\u00e4\u00f6n. T\u00e4m\u00e4n vuoksi laattamatot ovat ihanteellinen valinta perheille ja yrityksille, joissa tarvitaan kest\u00e4vi\u00e4 ja helppohoitoisia lattiapintoja.<\/p>\n<h3>ORION K4004 -laattamatto tekniset tiedot<\/h3>\n<table class=\"v1gmail-simple\">\n<thead>\n<tr>\n<td>1. Materiaali<\/td>\n<td>  100% polypropeenia<\/td>\n<\/tr>\n<\/thead>\n<tbody>\n<tr>\n<td>2. Paino<\/td>\n<td>  4000 gr\/m2 (\u00b1 5 %)<\/td>\n<\/tr>\n<tr>\n<td>3. Alustan paksuus<\/td>\n<td>  3,5-5 mm (\u00b1 5 %)<\/td>\n<\/tr>\n<tr>\n<td>4. Levyn kokonaispaksuus<\/td>\n<td>  6,5-8 mm (\u00b1 5 %)<\/td>\n<\/tr>\n<\/tbody>\n<\/table>\n<p><strong>NB! Myym\u00e4l\u00e4ss\u00e4 ilmoitettu hinta on neli\u00f6metri\u00e4 kohti.<\/strong><\/p>\n<p>Etsitk\u00f6 parhaita laattamattoja, me olemme t\u00e4\u00e4ll\u00e4 sinua varten! Tarjoamme laajan valikoiman korkealaatuisia laattamattoja, jotka korostavat huoneesi tyyli\u00e4 ja eleganssia. Tarvitsitpa sitten kaakeloitua mattoa kotiin, toimistoon tai liiketilaan, meill\u00e4 on ratkaisu sinulle. Tutustu mallistoomme ja huomaa, miten laattamattomme voivat tehd\u00e4 tilastasi tyylikk\u00e4\u00e4n ja kauniin. Tyytyv\u00e4isyytesi on etusijalla!<\/p>\n<p>Katso my\u00f6s muut <a href=\"https:\/\/prome.ee\/tootekategooria\/vaibad\/\">p\u00f6yt\u00e4liinat<\/a> verkkokaupastamme.<br \/>\nPyyd\u00e4 tunnetulta <a href=\"https:\/\/www.nocc.ee\/\" target=\"_blank\" rel=\"noopener\">yritykselt\u00e4<\/a> tarjous asennuksesta.<\/p>\n","protected":false},"excerpt":{"rendered":"<p>ORION K4004 laattamatto Laattamattojen valinta on t\u00e4rke\u00e4 askel sisustuksessa, sill\u00e4 se tarjoaa monia etuja sek\u00e4 visuaalisesti ett\u00e4 k\u00e4yt\u00e4nn\u00f6llisesti. Laattamatot ovat kasvattaneet suosiotaan monipuolisuutensa, kest\u00e4vyytens\u00e4 ja helppohoitoisuutensa ansiosta. Ne ovat erinomainen valinta sek\u00e4 asuin- ett\u00e4 liiketiloihin, ja ne antavat monipuolisen ja nykyaikaisen ilmeen. Yksi litte\u00e4n vaipan t\u00e4rkeimmist\u00e4 eduista on sen muotoilun monipuolisuus. Laattamattoja on saatavana monenlaisissa [&hellip;]<\/p>\n","protected":false},"featured_media":11516,"comment_status":"open","ping_status":"closed","template":"","meta":{"_acf_changed":false,"_monsterinsights_skip_tracking":false,"_monsterinsights_sitenote_active":false,"_monsterinsights_sitenote_note":"","_monsterinsights_sitenote_category":0},"product_brand":[],"product_cat":[940,941],"product_tag":[],"class_list":{"0":"post-14787","1":"product","2":"type-product","3":"status-publish","4":"has-post-thumbnail","6":"product_cat-matot","7":"product_cat-laattamatot","9":"first","10":"instock","11":"taxable","12":"shipping-taxable","13":"purchasable","14":"product-type-simple"},"acf":[],"_links":{"self":[{"href":"https:\/\/prome.ee\/fi\/wp-json\/wp\/v2\/product\/14787","targetHints":{"allow":["GET"]}}],"collection":[{"href":"https:\/\/prome.ee\/fi\/wp-json\/wp\/v2\/product"}],"about":[{"href":"https:\/\/prome.ee\/fi\/wp-json\/wp\/v2\/types\/product"}],"replies":[{"embeddable":true,"href":"https:\/\/prome.ee\/fi\/wp-json\/wp\/v2\/comments?post=14787"}],"version-history":[{"count":1,"href":"https:\/\/prome.ee\/fi\/wp-json\/wp\/v2\/product\/14787\/revisions"}],"predecessor-version":[{"id":28924,"href":"https:\/\/prome.ee\/fi\/wp-json\/wp\/v2\/product\/14787\/revisions\/28924"}],"wp:featuredmedia":[{"embeddable":true,"href":"https:\/\/prome.ee\/fi\/wp-json\/wp\/v2\/media\/11516"}],"wp:attachment":[{"href":"https:\/\/prome.ee\/fi\/wp-json\/wp\/v2\/media?parent=14787"}],"wp:term":[{"taxonomy":"product_brand","embeddable":true,"href":"https:\/\/prome.ee\/fi\/wp-json\/wp\/v2\/product_brand?post=14787"},{"taxonomy":"product_cat","embeddable":true,"href":"https:\/\/prome.ee\/fi\/wp-json\/wp\/v2\/product_cat?post=14787"},{"taxonomy":"product_tag","embeddable":true,"href":"https:\/\/prome.ee\/fi\/wp-json\/wp\/v2\/product_tag?post=14787"}],"curies":[{"name":"wp","href":"https:\/\/api.w.org\/{rel}","templated":true}]}}